{"id":13,"date":"2024-05-08T10:58:14","date_gmt":"2024-05-08T07:58:14","guid":{"rendered":"https:\/\/www.bckgsalit.fi\/bodycenter-kemi\/?page_id=13"},"modified":"2024-12-31T11:10:26","modified_gmt":"2024-12-31T09:10:26","slug":"etusivu","status":"publish","type":"page","link":"https:\/\/www.bckgsalit.fi\/bodycenter-kemi\/","title":{"rendered":"Etusivu"},"content":{"rendered":"<section class=\"bde-section-13-100 bde-section\">\n              \n  \n  \n\t\n\n  <div class=\"section-background-overlay\"><\/div>\n\n\n<div class=\"section-container\"><h1 class=\"bde-heading-13-101 bde-heading\">\nBodyCenter Kemi\n<\/h1><h2 class=\"bde-heading-13-102 bde-heading\">\nHyvinvointisi tukena\n<\/h2><\/div>\n<\/section><section class=\"bde-section-13-107 bde-section\">\n  \n  \n\t\n\n\n\n<div class=\"section-container\"><h2 class=\"bde-heading-13-108 bde-heading\">\nBodyCenter Kemi\n<\/h2><div class=\"bde-text-13-109 bde-text\">\nPalvelutarjontamme on laaja sis\u00e4lt\u00e4en kuntosali- ja ryhm\u00e4liikunta- palveluiden lis\u00e4ksi personal trainer palvelut henkil\u00f6kohtaisesti tai pienryhmille sek\u00e4 ravintovalmennusta.\n<\/div><div class=\"bde-columns-13-110 bde-columns\"><div class=\"bde-column-13-111 bde-column\">\n  \n  \n\t\n\n\n\n<div class=\"bde-text-13-114 bde-text\">\nBodycenter Kemi on kuntosali kaikenlaiseen kuntosaliharjoitteluun.<br><br>T\u00e4\u00e4ll\u00e4, monipuolisen peruslaitteiston lis\u00e4ksi, on mahdollisuus harjoitella my\u00f6s voimamieslajeja.<br><br>Bodycenter Kemiss\u00e4 ei ole p\u00e4ivystyst\u00e4. Kuntosalikorttien lataus tapahtuu KemiGymin p\u00e4ivystyksen kautta.\n<\/div>\n<\/div><div class=\"bde-column-13-112 bde-column\">\n  \n  \n\t\n\n\n\n<div class=\"bde-image-13-113 bde-image\">\n<figure class=\"breakdance-image breakdance-image--17\">\n\t<div class=\"breakdance-image-container\">\n\t\t<div class=\"breakdance-image-clip\"><img loading=\"lazy\" decoding=\"async\" class=\"breakdance-image-object\" src=\"https:\/\/www.bckgsalit.fi\/bodycenter-kemi\/wp-content\/uploads\/sites\/3\/2024\/05\/4-1536x1024-1.jpg\" width=\"1536\" height=\"1024\" srcset=\"https:\/\/www.bckgsalit.fi\/bodycenter-kemi\/wp-content\/uploads\/sites\/3\/2024\/05\/4-1536x1024-1.jpg 1536w, https:\/\/www.bckgsalit.fi\/bodycenter-kemi\/wp-content\/uploads\/sites\/3\/2024\/05\/4-1536x1024-1-300x200.jpg 300w, https:\/\/www.bckgsalit.fi\/bodycenter-kemi\/wp-content\/uploads\/sites\/3\/2024\/05\/4-1536x1024-1-1024x683.jpg 1024w, https:\/\/www.bckgsalit.fi\/bodycenter-kemi\/wp-content\/uploads\/sites\/3\/2024\/05\/4-1536x1024-1-768x512.jpg 768w\" sizes=\"auto, (max-width: 1536px) 100vw, 1536px\"><\/div>\n\t<\/div><\/figure>\n\n<\/div>\n<\/div><\/div><div class=\"bde-div-13-256 bde-div\">\n  \n  \n\t\n\n\n\n<div class=\"bde-text-13-257 bde-text\">\nKulkukortilla sis\u00e4\u00e4np\u00e4\u00e4sy 24\/7\n<\/div><div class=\"bde-text-13-336 bde-text\">\nVoit ostaa j\u00e4senyyden my\u00f6s <a href=\"https:\/\/www.bckgsalit.fi\/bodycenter-tornio\/verkkokauppa\">verkkokaupasta<\/a>. Saat heti PIN-koodin, jolla p\u00e4\u00e4set treenaamaan!\n<\/div>\n<\/div><\/div>\n<\/section><section class=\"bde-section-13-115 bde-section\">\n  \n  \n\t\n\n\n\n<div class=\"section-container\"><h2 class=\"bde-heading-13-116 bde-heading\">\nPalvelut\n<\/h2><div class=\"bde-columns-13-118 bde-columns\"><div class=\"bde-column-13-119 bde-column\">\n  \n  \n\t\n\n\n\n<div class=\"bde-image-box-13-125 bde-image-box\">\n<div class=\"ee-imagebox-image\">\n  <img loading=\"lazy\" decoding=\"async\" class=\"breakdance-image-object\" src=\"https:\/\/www.bckgsalit.fi\/bodycenter-kemi\/wp-content\/uploads\/sites\/3\/2024\/05\/kuntosali-bodycenter-kemi.jpg\" width=\"500\" height=\"333\" srcset=\"https:\/\/www.bckgsalit.fi\/bodycenter-kemi\/wp-content\/uploads\/sites\/3\/2024\/05\/kuntosali-bodycenter-kemi.jpg 500w, https:\/\/www.bckgsalit.fi\/bodycenter-kemi\/wp-content\/uploads\/sites\/3\/2024\/05\/kuntosali-bodycenter-kemi-300x200.jpg 300w\" sizes=\"auto, (max-width: 500px) 100vw, 500px\">\n<\/div>\n<div class=\"ee-imagebox-content\">\n      <p class=\"ee-imagebox-title bde-h3\" >Kuntosali<\/p>\n    \n      <div class=\"ee-imagebox-text\" >Kuntosaliltamme l\u00f6ytyy monipuolinen kokonaisuus huippulaadukkaita niin ammattimaiseen kuin harrastusmieliseen treenaamiseen. Jokaista lihasryhm\u00e4\u00e4 varten on tarjolla useampia kuntosalilaitteita, joka mahdollistaa nousujohteisen lihaksiston kehittymisen. Ammattitaitoinen henkil\u00f6kuntamme opastaa asiakkaita oikeaoppiseen harjoitteluun jokaisen l\u00e4ht\u00f6tasonsa mukaan.<\/div>\n    \n  <\/div>\n\n<\/div>\n<\/div><div class=\"bde-column-13-121 bde-column\">\n  \n  \n\t\n\n\n\n<div class=\"bde-image-box-13-126 bde-image-box\">\n<div class=\"ee-imagebox-image\">\n  <img loading=\"lazy\" decoding=\"async\" class=\"breakdance-image-object\" src=\"https:\/\/www.bckgsalit.fi\/bodycenter-kemi\/wp-content\/uploads\/sites\/3\/2024\/05\/personal-g5142344dc_1920.jpg\" width=\"1920\" height=\"1209\" srcset=\"https:\/\/www.bckgsalit.fi\/bodycenter-kemi\/wp-content\/uploads\/sites\/3\/2024\/05\/personal-g5142344dc_1920.jpg 1920w, https:\/\/www.bckgsalit.fi\/bodycenter-kemi\/wp-content\/uploads\/sites\/3\/2024\/05\/personal-g5142344dc_1920-300x189.jpg 300w, https:\/\/www.bckgsalit.fi\/bodycenter-kemi\/wp-content\/uploads\/sites\/3\/2024\/05\/personal-g5142344dc_1920-1024x645.jpg 1024w, https:\/\/www.bckgsalit.fi\/bodycenter-kemi\/wp-content\/uploads\/sites\/3\/2024\/05\/personal-g5142344dc_1920-768x484.jpg 768w, https:\/\/www.bckgsalit.fi\/bodycenter-kemi\/wp-content\/uploads\/sites\/3\/2024\/05\/personal-g5142344dc_1920-1536x967.jpg 1536w\" sizes=\"auto, (max-width: 1920px) 100vw, 1920px\" alt=\"Personal Trainer Kemi\">\n<\/div>\n<div class=\"ee-imagebox-content\">\n      <p class=\"ee-imagebox-title bde-h3\" >PT-palvelut ja valmennus<\/p>\n    \n      <div class=\"ee-imagebox-text\" >Me teemme yksil\u00f6lliset valmennusohjelmat  ja ravinto-ohjelmat l\u00e4ht\u00f6tasosta riippumatta omien tavoitteidesi saavuttamiseksi. Personal trainer valmennuksista vastaavat Ari Uusitalo ja Veli-Santeri Kallio.<\/div>\n    \n  <\/div>\n\n<\/div>\n<\/div><\/div><\/div>\n<\/section><section id=\"hinnasto\" class=\"bde-section-13-299 bde-section\">\n  \n  \n\t\n\n\n\n<div class=\"section-container\"><h2 class=\"bde-heading-13-300 bde-heading\">\nHinnasto\n<\/h2><div class=\"bde-text-13-337 bde-text\">\nVoit ostaa j\u00e4senyyden my\u00f6s <a href=\"https:\/\/www.bckgsalit.fi\/bodycenter-tornio\/verkkokauppa\">verkkokaupasta<\/a>. Saat heti PIN-koodin, jolla p\u00e4\u00e4set treenaamaan!\n<\/div><div class=\"bde-columns-13-301 bde-columns\"><div class=\"bde-column-13-302 bde-column\">\n  \n  \n\t\n\n\n\n<div class=\"bde-div-13-303 bde-div\">\n  \n  \n\t\n\n\n\n<div class=\"bde-fancy-divider-13-304 bde-fancy-divider\">\n\n\n<div class=\"bde-fancy-divider__wrapper\">\n  <div class=\"bde-fancy-divider__separator has-content has-content-flex-start \">\n  \t    \t    \t          <div class=\"bde-fancy-divider__content bde-fancy-divider__content--text\">\n          Toistaiseksi voimassaoleva <small>(opiskelija\/el\u00e4kel\u00e4inen 27\u20ac\/kk)<\/small>\n          <\/div>\n    \t      <\/div>\n<\/div>\n\n<\/div><div class=\"bde-text-13-305 bde-text\">\n30\u20ac\/kk\n<\/div>\n<\/div><div class=\"bde-div-13-306 bde-div\">\n  \n  \n\t\n\n\n\n<div class=\"bde-text-13-307 bde-text\">\nToistaiseksi voimassaoleva sopimus on 6kk m\u00e4\u00e4r\u00e4aikainen, jonka j\u00e4lkeen kuukauden irtisanomisaika.\n<\/div>\n<\/div><div class=\"bde-div-13-308 bde-div\">\n  \n  \n\t\n\n\n\n<div class=\"bde-fancy-divider-13-309 bde-fancy-divider\">\n\n\n<div class=\"bde-fancy-divider__wrapper\">\n  <div class=\"bde-fancy-divider__separator has-content has-content-flex-start \">\n  \t    \t    \t          <div class=\"bde-fancy-divider__content bde-fancy-divider__content--text\">\n          1kk\n          <\/div>\n    \t      <\/div>\n<\/div>\n\n<\/div><div class=\"bde-text-13-310 bde-text\">\n40\u20ac\/kk\n<\/div>\n<\/div><div class=\"bde-div-13-311 bde-div\">\n  \n  \n\t\n\n\n\n<div class=\"bde-fancy-divider-13-312 bde-fancy-divider\">\n\n\n<div class=\"bde-fancy-divider__wrapper\">\n  <div class=\"bde-fancy-divider__separator has-content has-content-flex-start \">\n  \t    \t    \t          <div class=\"bde-fancy-divider__content bde-fancy-divider__content--text\">\n          Opiskelija\/el\u00e4kel\u00e4inen\n          <\/div>\n    \t      <\/div>\n<\/div>\n\n<\/div><div class=\"bde-text-13-313 bde-text\">\n32\u20ac\/kk\n<\/div>\n<\/div><div class=\"bde-div-13-314 bde-div\">\n  \n  \n\t\n\n\n\n<div class=\"bde-fancy-divider-13-315 bde-fancy-divider\">\n\n\n<div class=\"bde-fancy-divider__wrapper\">\n  <div class=\"bde-fancy-divider__separator has-content has-content-flex-start \">\n  \t    \t    \t          <div class=\"bde-fancy-divider__content bde-fancy-divider__content--text\">\n          10 kertaa\n          <\/div>\n    \t      <\/div>\n<\/div>\n\n<\/div><div class=\"bde-text-13-316 bde-text\">\n49\u20ac\n<\/div>\n<\/div><div class=\"bde-div-13-320 bde-div\">\n  \n  \n\t\n\n\n\n<div class=\"bde-fancy-divider-13-321 bde-fancy-divider\">\n\n\n<div class=\"bde-fancy-divider__wrapper\">\n  <div class=\"bde-fancy-divider__separator has-content has-content-flex-start \">\n  \t    \t    \t          <div class=\"bde-fancy-divider__content bde-fancy-divider__content--text\">\n          Kertak\u00e4ynti\n          <\/div>\n    \t      <\/div>\n<\/div>\n\n<\/div><div class=\"bde-text-13-322 bde-text\">\n8\u20ac\n<\/div>\n<\/div><div class=\"bde-div-13-323 bde-div\">\n  \n  \n\t\n\n\n\n<div class=\"bde-fancy-divider-13-324 bde-fancy-divider\">\n\n\n<div class=\"bde-fancy-divider__wrapper\">\n  <div class=\"bde-fancy-divider__separator has-content has-content-flex-start \">\n  \t    \t    \t          <div class=\"bde-fancy-divider__content bde-fancy-divider__content--text\">\n          Kulkukortti\n          <\/div>\n    \t      <\/div>\n<\/div>\n\n<\/div><div class=\"bde-text-13-325 bde-text\">\n5\u20ac\n<\/div>\n<\/div><div class=\"bde-text-13-326 bde-text\">\nAlle 18-vuotiaat\n<\/div><div class=\"bde-div-13-327 bde-div\">\n  \n  \n\t\n\n\n\n<div class=\"bde-fancy-divider-13-328 bde-fancy-divider\">\n\n\n<div class=\"bde-fancy-divider__wrapper\">\n  <div class=\"bde-fancy-divider__separator has-content has-content-flex-start \">\n  \t    \t    \t          <div class=\"bde-fancy-divider__content bde-fancy-divider__content--text\">\n          1kk\n          <\/div>\n    \t      <\/div>\n<\/div>\n\n<\/div><div class=\"bde-text-13-329 bde-text\">\n32\u20ac\n<\/div>\n<\/div><div class=\"bde-div-13-330 bde-div\">\n  \n  \n\t\n\n\n\n<div class=\"bde-fancy-divider-13-331 bde-fancy-divider\">\n\n\n<div class=\"bde-fancy-divider__wrapper\">\n  <div class=\"bde-fancy-divider__separator has-content has-content-flex-start \">\n  \t    \t    \t          <div class=\"bde-fancy-divider__content bde-fancy-divider__content--text\">\n          2kk\n          <\/div>\n    \t      <\/div>\n<\/div>\n\n<\/div><div class=\"bde-text-13-332 bde-text\">\n59\u20ac\n<\/div>\n<\/div><div class=\"bde-div-13-333 bde-div\">\n  \n  \n\t\n\n\n\n<div class=\"bde-fancy-divider-13-334 bde-fancy-divider\">\n\n\n<div class=\"bde-fancy-divider__wrapper\">\n  <div class=\"bde-fancy-divider__separator has-content has-content-flex-start \">\n  \t    \t    \t          <div class=\"bde-fancy-divider__content bde-fancy-divider__content--text\">\n          3kk\n          <\/div>\n    \t      <\/div>\n<\/div>\n\n<\/div><div class=\"bde-text-13-335 bde-text\">\n75\u20ac\n<\/div>\n<\/div>\n<\/div><\/div><\/div>\n<\/section>","protected":false},"excerpt":{"rendered":"<p>BodyCenter Kemi Hyvinvointisi tukena BodyCenter Kemi Palvelutarjontamme on laaja sis\u00e4lt\u00e4en kuntosali- ja ryhm\u00e4liikunta- palveluiden lis\u00e4ksi personal trainer palvelut henkil\u00f6kohtaisesti tai pienryhmille sek\u00e4 ravintovalmennusta. Bodycenter Kemi on kuntosali kaikenlaiseen kuntosaliharjoitteluun.T\u00e4\u00e4ll\u00e4, monipuolisen peruslaitteiston lis\u00e4ksi, on mahdollisuus harjoitella my\u00f6s voimamieslajeja.Bodycenter Kemiss\u00e4 ei ole p\u00e4ivystyst\u00e4. Kuntosalikorttien lataus tapahtuu KemiGymin p\u00e4ivystyksen kautta. Kulkukortilla sis\u00e4\u00e4np\u00e4\u00e4sy 24\/7 Voit ostaa j\u00e4senyyden my\u00f6s verkkokaupasta. [&hellip;]<\/p>\n","protected":false},"author":1,"featured_media":0,"parent":0,"menu_order":0,"comment_status":"closed","ping_status":"closed","template":"","meta":{"_breakdance_hide_in_design_set":false,"_breakdance_tags":"","footnotes":""},"class_list":["post-13","page","type-page","status-publish","hentry"],"_links":{"self":[{"href":"https:\/\/www.bckgsalit.fi\/bodycenter-kemi\/wp-json\/wp\/v2\/pages\/13","targetHints":{"allow":["GET"]}}],"collection":[{"href":"https:\/\/www.bckgsalit.fi\/bodycenter-kemi\/wp-json\/wp\/v2\/pages"}],"about":[{"href":"https:\/\/www.bckgsalit.fi\/bodycenter-kemi\/wp-json\/wp\/v2\/types\/page"}],"author":[{"embeddable":true,"href":"https:\/\/www.bckgsalit.fi\/bodycenter-kemi\/wp-json\/wp\/v2\/users\/1"}],"replies":[{"embeddable":true,"href":"https:\/\/www.bckgsalit.fi\/bodycenter-kemi\/wp-json\/wp\/v2\/comments?post=13"}],"version-history":[{"count":17,"href":"https:\/\/www.bckgsalit.fi\/bodycenter-kemi\/wp-json\/wp\/v2\/pages\/13\/revisions"}],"predecessor-version":[{"id":135,"href":"https:\/\/www.bckgsalit.fi\/bodycenter-kemi\/wp-json\/wp\/v2\/pages\/13\/revisions\/135"}],"wp:attachment":[{"href":"https:\/\/www.bckgsalit.fi\/bodycenter-kemi\/wp-json\/wp\/v2\/media?parent=13"}],"curies":[{"name":"wp","href":"https:\/\/api.w.org\/{rel}","templated":true}]}}