{"id":16,"date":"2024-05-08T14:48:05","date_gmt":"2024-05-08T11:48:05","guid":{"rendered":"https:\/\/www.bckgsalit.fi\/bodycenter-tornio\/?page_id=16"},"modified":"2024-12-31T11:11:09","modified_gmt":"2024-12-31T09:11:09","slug":"etusivu","status":"publish","type":"page","link":"https:\/\/www.bckgsalit.fi\/bodycenter-tornio\/","title":{"rendered":"Etusivu"},"content":{"rendered":"<section class=\"bde-section-16-100 bde-section\">\n              \n  \n  \n\t\n\n  <div class=\"section-background-overlay\"><\/div>\n\n\n<div class=\"section-container\"><h1 class=\"bde-heading-16-101 bde-heading\">\nBodyCenter Tornio\n<\/h1><h2 class=\"bde-heading-16-102 bde-heading\">\nHyvinvointisi tukena\n<\/h2><\/div>\n<\/section><section class=\"bde-section-16-103 bde-section\">\n  \n  \n\t\n\n\n\n<div class=\"section-container\"><h2 class=\"bde-heading-16-104 bde-heading\">\nBodyCenter Tornio\n<\/h2><div class=\"bde-text-16-105 bde-text\">\nPalvelutarjontamme on laaja sis\u00e4lt\u00e4en kuntosali- ja ryhm\u00e4liikunta- palveluiden lis\u00e4ksi personal trainer palvelut henkil\u00f6kohtaisesti tai pienryhmille sek\u00e4 ravintovalmennusta.\n<\/div><div class=\"bde-columns-16-106 bde-columns\"><div class=\"bde-column-16-107 bde-column\">\n  \n  \n\t\n\n\n\n<div class=\"bde-text-16-108 bde-text\">\nBody Center Tornio tarjoaa asiakkailleen monipuolisia sek\u00e4 laadukkaita liikuntapalveluja useassa eri tilassa.<br><br>Kuntosalilta l\u00f6ytyy monipuolinen kokonaisuus huippulaadukkaita kuntosalilaitteita niin ammattimaiseen kuin harrastusmieliseen treenaamiseen.<br><br>Jokaista lihasryhm\u00e4\u00e4 varten on tarjolla useampia kuntosalilaitetta, mik\u00e4 mahdollistaa nousujohteisen kehittymisen.<br><br>Ammattitaitoinen henkil\u00f6kuntamme opastaa ja ohjaa asiakkaita oikeaoppiseen harjoitteluun l\u00e4ht\u00f6tasonsa mukaan. Tarjoamme asiakkaillemme my\u00f6s monipuolisen valikoiman ryhm\u00e4liikuntatunteja.<br><br>Voit k\u00e4yd\u00e4 katsomassa ryhm\u00e4liikuntatarjontaamme painamalla <a href=\"https:\/\/www.bckgsalit.fi\/bodycenter-tornio\/kalenteri\/\">t\u00e4st\u00e4<\/a>.\n<\/div>\n<\/div><div class=\"bde-column-16-109 bde-column\">\n  \n  \n\t\n\n\n\n<div class=\"bde-image-16-110 bde-image\">\n<figure class=\"breakdance-image breakdance-image--17\">\n\t<div class=\"breakdance-image-container\">\n\t\t<div class=\"breakdance-image-clip\"><img loading=\"lazy\" decoding=\"async\" class=\"breakdance-image-object\" src=\"https:\/\/www.bckgsalit.fi\/bodycenter-kemi\/wp-content\/uploads\/sites\/3\/2024\/05\/4-1536x1024-1.jpg\" width=\"1536\" height=\"1024\" srcset=\"https:\/\/www.bckgsalit.fi\/bodycenter-kemi\/wp-content\/uploads\/sites\/3\/2024\/05\/4-1536x1024-1.jpg 1536w, https:\/\/www.bckgsalit.fi\/bodycenter-kemi\/wp-content\/uploads\/sites\/3\/2024\/05\/4-1536x1024-1-300x200.jpg 300w, https:\/\/www.bckgsalit.fi\/bodycenter-kemi\/wp-content\/uploads\/sites\/3\/2024\/05\/4-1536x1024-1-1024x683.jpg 1024w, https:\/\/www.bckgsalit.fi\/bodycenter-kemi\/wp-content\/uploads\/sites\/3\/2024\/05\/4-1536x1024-1-768x512.jpg 768w\" sizes=\"auto, (max-width: 1536px) 100vw, 1536px\"><\/div>\n\t<\/div><\/figure>\n\n<\/div>\n<\/div><\/div><div class=\"bde-div-16-212 bde-div\">\n  \n  \n\t\n\n\n\n<div class=\"bde-text-16-213 bde-text\">\nKulkukortilla sis\u00e4\u00e4np\u00e4\u00e4sy 24\/7\n<\/div><div class=\"bde-text-16-252 bde-text\">\nVoit ostaa j\u00e4senyyden my\u00f6s <a href=\"https:\/\/www.bckgsalit.fi\/bodycenter-tornio\/verkkokauppa\/\">verkkokaupasta<\/a>. Saat heti PIN-koodin, jolla p\u00e4\u00e4set treenaamaan!\n<\/div>\n<\/div><\/div>\n<\/section><section class=\"bde-section-16-118 bde-section\">\n  \n  \n\t\n\n\n\n<div class=\"section-container\"><h2 class=\"bde-heading-16-119 bde-heading\">\nPalvelut\n<\/h2><div class=\"bde-columns-16-120 bde-columns\"><div class=\"bde-column-16-123 bde-column\">\n  \n  \n\t\n\n\n\n<div class=\"bde-image-box-16-124 bde-image-box\">\n<div class=\"ee-imagebox-image\">\n  <img loading=\"lazy\" decoding=\"async\" class=\"breakdance-image-object\" src=\"https:\/\/www.bckgsalit.fi\/bodycenter-kemi\/wp-content\/uploads\/sites\/3\/2024\/05\/kuntosali-bodycenter-kemi.jpg\" width=\"500\" height=\"333\" srcset=\"https:\/\/www.bckgsalit.fi\/bodycenter-kemi\/wp-content\/uploads\/sites\/3\/2024\/05\/kuntosali-bodycenter-kemi.jpg 500w, https:\/\/www.bckgsalit.fi\/bodycenter-kemi\/wp-content\/uploads\/sites\/3\/2024\/05\/kuntosali-bodycenter-kemi-300x200.jpg 300w\" sizes=\"auto, (max-width: 500px) 100vw, 500px\">\n<\/div>\n<div class=\"ee-imagebox-content\">\n      <p class=\"ee-imagebox-title bde-h3\" >Kuntosali<\/p>\n    \n      <div class=\"ee-imagebox-text\" >Kuntosaliltamme l\u00f6ytyy monipuolinen kokonaisuus huippulaadukkaita kuntosalilaitteita niin ammattimaiseen kuin harrastusmieliseen treenaamiseen. Jokaista lihasryhm\u00e4\u00e4 varten on tarjolla useampia kuntosalilaitetta, joka mahdollistaa nousujohteisen lihaksiston kehittymisen. Ammattitaitoinen henkil\u00f6kuntamme opastaa asiakkaita oikea oppiseen harjoitteluun jokaisen l\u00e4ht\u00f6tasonsa mukaan.<\/div>\n    \n  <\/div>\n\n<\/div>\n<\/div><div class=\"bde-column-16-121 bde-column\">\n  \n  \n\t\n\n\n\n<div class=\"bde-image-box-16-129 bde-image-box\">\n<div class=\"ee-imagebox-image\">\n  <img loading=\"lazy\" decoding=\"async\" class=\"breakdance-image-object\" src=\"https:\/\/www.bckgsalit.fi\/kemigym\/wp-content\/uploads\/sites\/4\/2024\/05\/ryhmaliikuntatunnit-kemigym.jpg\" width=\"500\" height=\"333\" srcset=\"https:\/\/www.bckgsalit.fi\/kemigym\/wp-content\/uploads\/sites\/4\/2024\/05\/ryhmaliikuntatunnit-kemigym.jpg 500w, https:\/\/www.bckgsalit.fi\/kemigym\/wp-content\/uploads\/sites\/4\/2024\/05\/ryhmaliikuntatunnit-kemigym-300x200.jpg 300w\" sizes=\"auto, (max-width: 500px) 100vw, 500px\">\n<\/div>\n<div class=\"ee-imagebox-content\">\n      <p class=\"ee-imagebox-title bde-h3\" >Ryhm\u00e4liikunta<\/p>\n    \n      <div class=\"ee-imagebox-text\" >Tarjoamme asiakkaillemme my\u00f6s monipuolisen valikoiman ryhm\u00e4liikuntatunteja.<\/div>\n    \n              \n    \n    \n    \n    \n            \n                    \n            \n            \n\n    \n    \n    \n    \n    \n    <a class=\"breakdance-link button-atom button-atom--custom ee-imagebox-button\" href=\"https:\/\/www.bckgsalit.fi\/bodycenter-tornio\/kalenteri\/\" target=\"_self\" data-type=\"url\"  >\n\n    \n        <span class=\"button-atom__text\">Ryhm\u00e4liikuntatarjonta<\/span>\n\n        \n        \n                <\/a>\n\n    \n\n  <\/div>\n\n<\/div>\n<\/div><div class=\"bde-column-16-125 bde-column\">\n  \n  \n\t\n\n\n\n<div class=\"bde-image-box-16-133 bde-image-box\">\n<div class=\"ee-imagebox-image\">\n  <img loading=\"lazy\" decoding=\"async\" class=\"breakdance-image-object\" src=\"https:\/\/www.bckgsalit.fi\/bodycenter-kemi\/wp-content\/uploads\/sites\/3\/2024\/05\/personal-g5142344dc_1920.jpg\" width=\"1920\" height=\"1209\" srcset=\"https:\/\/www.bckgsalit.fi\/bodycenter-kemi\/wp-content\/uploads\/sites\/3\/2024\/05\/personal-g5142344dc_1920.jpg 1920w, https:\/\/www.bckgsalit.fi\/bodycenter-kemi\/wp-content\/uploads\/sites\/3\/2024\/05\/personal-g5142344dc_1920-300x189.jpg 300w, https:\/\/www.bckgsalit.fi\/bodycenter-kemi\/wp-content\/uploads\/sites\/3\/2024\/05\/personal-g5142344dc_1920-1024x645.jpg 1024w, https:\/\/www.bckgsalit.fi\/bodycenter-kemi\/wp-content\/uploads\/sites\/3\/2024\/05\/personal-g5142344dc_1920-768x484.jpg 768w, https:\/\/www.bckgsalit.fi\/bodycenter-kemi\/wp-content\/uploads\/sites\/3\/2024\/05\/personal-g5142344dc_1920-1536x967.jpg 1536w\" sizes=\"auto, (max-width: 1920px) 100vw, 1920px\" alt=\"Personal Trainer Kemi\">\n<\/div>\n<div class=\"ee-imagebox-content\">\n      <p class=\"ee-imagebox-title bde-h3\" >PT-palvelut ja valmennus<\/p>\n    \n      <div class=\"ee-imagebox-text\" >Me teemme yksil\u00f6lliset valmennusohjelmat ja ravinto-ohjelmat l\u00e4ht\u00f6tasosta riippumatta omien tavoitteidesi saavuttamiseksi. Personal trainer valmennuksista vastaavat Ari Uusitalo (<a href=\"tel:+358408677500\">040 867 7500<\/a>) ja Noora Hanhirova (<a href=\"tel:+358504382439\">050 438 2439<\/a>).<\/div>\n    \n  <\/div>\n\n<\/div>\n<\/div><\/div><\/div>\n<\/section><section id=\"hinnasto\" class=\"bde-section-16-215 bde-section\">\n  \n  \n\t\n\n\n\n<div class=\"section-container\"><h2 class=\"bde-heading-16-216 bde-heading\">\nHinnasto\n<\/h2><div class=\"bde-text-16-253 bde-text\">\nVoit ostaa j\u00e4senyyden my\u00f6s <a href=\"https:\/\/www.bckgsalit.fi\/bodycenter-tornio\/verkkokauppa\/\">verkkokaupasta<\/a>. Saat heti PIN-koodin, jolla p\u00e4\u00e4set treenaamaan!\n<\/div><div class=\"bde-columns-16-217 bde-columns\"><div class=\"bde-column-16-254 bde-column\">\n  \n  \n\t\n\n\n\n<div class=\"bde-div-16-255 bde-div\">\n  \n  \n\t\n\n\n\n<div class=\"bde-fancy-divider-16-256 bde-fancy-divider\">\n\n\n<div class=\"bde-fancy-divider__wrapper\">\n  <div class=\"bde-fancy-divider__separator has-content has-content-flex-start \">\n  \t    \t    \t          <div class=\"bde-fancy-divider__content bde-fancy-divider__content--text\">\n          Toistaiseksi voimassaoleva <small>(opiskelija\/el\u00e4kel\u00e4inen 27\u20ac\/kk)<\/small>\n          <\/div>\n    \t      <\/div>\n<\/div>\n\n<\/div><div class=\"bde-text-16-257 bde-text\">\n30\u20ac\/kk\n<\/div>\n<\/div><div class=\"bde-div-16-258 bde-div\">\n  \n  \n\t\n\n\n\n<div class=\"bde-text-16-259 bde-text\">\nToistaiseksi voimassaoleva sopimus on 6kk m\u00e4\u00e4r\u00e4aikainen, jonka j\u00e4lkeen kuukauden irtisanomisaika.\n<\/div>\n<\/div><div class=\"bde-div-16-260 bde-div\">\n  \n  \n\t\n\n\n\n<div class=\"bde-fancy-divider-16-261 bde-fancy-divider\">\n\n\n<div class=\"bde-fancy-divider__wrapper\">\n  <div class=\"bde-fancy-divider__separator has-content has-content-flex-start \">\n  \t    \t    \t          <div class=\"bde-fancy-divider__content bde-fancy-divider__content--text\">\n          1kk\n          <\/div>\n    \t      <\/div>\n<\/div>\n\n<\/div><div class=\"bde-text-16-262 bde-text\">\n40\u20ac\/kk\n<\/div>\n<\/div><div class=\"bde-div-16-263 bde-div\">\n  \n  \n\t\n\n\n\n<div class=\"bde-fancy-divider-16-264 bde-fancy-divider\">\n\n\n<div class=\"bde-fancy-divider__wrapper\">\n  <div class=\"bde-fancy-divider__separator has-content has-content-flex-start \">\n  \t    \t    \t          <div class=\"bde-fancy-divider__content bde-fancy-divider__content--text\">\n          Opiskelija\/el\u00e4kel\u00e4inen\n          <\/div>\n    \t      <\/div>\n<\/div>\n\n<\/div><div class=\"bde-text-16-265 bde-text\">\n32\u20ac\/kk\n<\/div>\n<\/div><div class=\"bde-div-16-266 bde-div\">\n  \n  \n\t\n\n\n\n<div class=\"bde-fancy-divider-16-267 bde-fancy-divider\">\n\n\n<div class=\"bde-fancy-divider__wrapper\">\n  <div class=\"bde-fancy-divider__separator has-content has-content-flex-start \">\n  \t    \t    \t          <div class=\"bde-fancy-divider__content bde-fancy-divider__content--text\">\n          10 kertaa\n          <\/div>\n    \t      <\/div>\n<\/div>\n\n<\/div><div class=\"bde-text-16-268 bde-text\">\n49\u20ac\n<\/div>\n<\/div><div class=\"bde-div-16-269 bde-div\">\n  \n  \n\t\n\n\n\n<div class=\"bde-fancy-divider-16-270 bde-fancy-divider\">\n\n\n<div class=\"bde-fancy-divider__wrapper\">\n  <div class=\"bde-fancy-divider__separator has-content has-content-flex-start \">\n  \t    \t    \t          <div class=\"bde-fancy-divider__content bde-fancy-divider__content--text\">\n          Kertak\u00e4ynti\n          <\/div>\n    \t      <\/div>\n<\/div>\n\n<\/div><div class=\"bde-text-16-271 bde-text\">\n8\u20ac\n<\/div>\n<\/div><div class=\"bde-div-16-272 bde-div\">\n  \n  \n\t\n\n\n\n<div class=\"bde-fancy-divider-16-273 bde-fancy-divider\">\n\n\n<div class=\"bde-fancy-divider__wrapper\">\n  <div class=\"bde-fancy-divider__separator has-content has-content-flex-start \">\n  \t    \t    \t          <div class=\"bde-fancy-divider__content bde-fancy-divider__content--text\">\n          Kulkukortti\n          <\/div>\n    \t      <\/div>\n<\/div>\n\n<\/div><div class=\"bde-text-16-274 bde-text\">\n5\u20ac\n<\/div>\n<\/div><div class=\"bde-text-16-275 bde-text\">\nAlle 18-vuotiaat\n<\/div><div class=\"bde-div-16-276 bde-div\">\n  \n  \n\t\n\n\n\n<div class=\"bde-fancy-divider-16-277 bde-fancy-divider\">\n\n\n<div class=\"bde-fancy-divider__wrapper\">\n  <div class=\"bde-fancy-divider__separator has-content has-content-flex-start \">\n  \t    \t    \t          <div class=\"bde-fancy-divider__content bde-fancy-divider__content--text\">\n          1kk\n          <\/div>\n    \t      <\/div>\n<\/div>\n\n<\/div><div class=\"bde-text-16-278 bde-text\">\n32\u20ac\n<\/div>\n<\/div><div class=\"bde-div-16-279 bde-div\">\n  \n  \n\t\n\n\n\n<div class=\"bde-fancy-divider-16-280 bde-fancy-divider\">\n\n\n<div class=\"bde-fancy-divider__wrapper\">\n  <div class=\"bde-fancy-divider__separator has-content has-content-flex-start \">\n  \t    \t    \t          <div class=\"bde-fancy-divider__content bde-fancy-divider__content--text\">\n          2kk\n          <\/div>\n    \t      <\/div>\n<\/div>\n\n<\/div><div class=\"bde-text-16-281 bde-text\">\n59\u20ac\n<\/div>\n<\/div><div class=\"bde-div-16-282 bde-div\">\n  \n  \n\t\n\n\n\n<div class=\"bde-fancy-divider-16-283 bde-fancy-divider\">\n\n\n<div class=\"bde-fancy-divider__wrapper\">\n  <div class=\"bde-fancy-divider__separator has-content has-content-flex-start \">\n  \t    \t    \t          <div class=\"bde-fancy-divider__content bde-fancy-divider__content--text\">\n          3kk\n          <\/div>\n    \t      <\/div>\n<\/div>\n\n<\/div><div class=\"bde-text-16-284 bde-text\">\n75\u20ac\n<\/div>\n<\/div>\n<\/div><\/div><\/div>\n<\/section>","protected":false},"excerpt":{"rendered":"<p>BodyCenter Tornio Hyvinvointisi tukena BodyCenter Tornio Palvelutarjontamme on laaja sis\u00e4lt\u00e4en kuntosali- ja ryhm\u00e4liikunta- palveluiden lis\u00e4ksi personal trainer palvelut henkil\u00f6kohtaisesti tai pienryhmille sek\u00e4 ravintovalmennusta. Body Center Tornio tarjoaa asiakkailleen monipuolisia sek\u00e4 laadukkaita liikuntapalveluja useassa eri tilassa.Kuntosalilta l\u00f6ytyy monipuolinen kokonaisuus huippulaadukkaita kuntosalilaitteita niin ammattimaiseen kuin harrastusmieliseen treenaamiseen.Jokaista lihasryhm\u00e4\u00e4 varten on tarjolla useampia kuntosalilaitetta, mik\u00e4 mahdollistaa nousujohteisen kehittymisen.Ammattitaitoinen [&hellip;]<\/p>\n","protected":false},"author":1,"featured_media":0,"parent":0,"menu_order":0,"comment_status":"closed","ping_status":"closed","template":"","meta":{"_breakdance_hide_in_design_set":false,"_breakdance_tags":"","footnotes":""},"class_list":["post-16","page","type-page","status-publish","hentry"],"_links":{"self":[{"href":"https:\/\/www.bckgsalit.fi\/bodycenter-tornio\/wp-json\/wp\/v2\/pages\/16","targetHints":{"allow":["GET"]}}],"collection":[{"href":"https:\/\/www.bckgsalit.fi\/bodycenter-tornio\/wp-json\/wp\/v2\/pages"}],"about":[{"href":"https:\/\/www.bckgsalit.fi\/bodycenter-tornio\/wp-json\/wp\/v2\/types\/page"}],"author":[{"embeddable":true,"href":"https:\/\/www.bckgsalit.fi\/bodycenter-tornio\/wp-json\/wp\/v2\/users\/1"}],"replies":[{"embeddable":true,"href":"https:\/\/www.bckgsalit.fi\/bodycenter-tornio\/wp-json\/wp\/v2\/comments?post=16"}],"version-history":[{"count":19,"href":"https:\/\/www.bckgsalit.fi\/bodycenter-tornio\/wp-json\/wp\/v2\/pages\/16\/revisions"}],"predecessor-version":[{"id":190,"href":"https:\/\/www.bckgsalit.fi\/bodycenter-tornio\/wp-json\/wp\/v2\/pages\/16\/revisions\/190"}],"wp:attachment":[{"href":"https:\/\/www.bckgsalit.fi\/bodycenter-tornio\/wp-json\/wp\/v2\/media?parent=16"}],"curies":[{"name":"wp","href":"https:\/\/api.w.org\/{rel}","templated":true}]}}