{"id":49,"date":"2024-05-13T12:27:37","date_gmt":"2024-05-13T09:27:37","guid":{"rendered":"https:\/\/www.5am.zoner.dev\/gym\/kemigym\/?page_id=49"},"modified":"2024-06-04T09:42:26","modified_gmt":"2024-06-04T06:42:26","slug":"rekisteroidy","status":"publish","type":"page","link":"https:\/\/www.bckgsalit.fi\/bodycenter-tornio\/rekisteroidy\/","title":{"rendered":"Rekister\u00f6idy"},"content":{"rendered":"<section class=\"bde-section-49-100 bde-section\">\n  \n  \n\t\n\n\n\n<div class=\"section-container\"><h2 class=\"bde-heading-49-101 bde-heading\">\nRekister\u00f6ityminen\n<\/h2><div class=\"bde-shortcode-49-102 bde-shortcode\">\n<p>\n    Oletko jo meid\u00e4n asiakas? <a href=\"https:\/\/www.bckgsalit.fi\/bodycenter-tornio\/verkkokauppa\/?login=true\">Kirjaudu sis\u00e4\u00e4n t\u00e4st\u00e4.<\/a>\n\tMik\u00e4li olet jo meid\u00e4n asiakas, mutta et tied\u00e4 tunnuksiasi ole yst\u00e4v\u00e4llinen ja pyyd\u00e4 ne asiakaspalvelustamme.\n<\/p>\n\n\n<p><b>Luo uudet tunnukset t\u00e4ytt\u00e4m\u00e4ll\u00e4 oheiset kent\u00e4t.<\/b><\/p>\n<form id=\"fibo-register-form\" class=\"fibo-profile-form\" action=\"https:\/\/www.bckgsalit.fi\/bodycenter-tornio\/wp-content\/plugins\/fitnessbooker\/php\/registration-send.php\" method=\"post\">\n\t<label class=\"fibo-profile-label\">Etunimi:<\/label>\n\t<input class=\"fibo-profile-input\" type=\"text\" name=\"firstname\" value=\"\" required>\n\n\t<label class=\"fibo-profile-label\">Sukunimi:<\/label>\n\t<input class=\"fibo-profile-input\" type=\"text\" name=\"lastname\" value=\"\" required>\n\n    <label class=\"fibo-profile-label\">S\u00e4hk\u00f6postiosoite:<\/label>\n\t<input class=\"fibo-profile-input\" type=\"email\" name=\"email\" value=\"\" required>\n\n\t<label class=\"fibo-profile-label\">Puhelin:<\/label>\n\t<input class=\"fibo-profile-input\" type=\"text\" name=\"phone\" value=\"\" required>\n\n\t<label class=\"fibo-profile-label\">Katuosoite:<\/label>\n\t<input class=\"fibo-profile-input\" type=\"text\" name=\"address\" value=\"\" required>\n\n\t<label class=\"fibo-profile-label\">Postinumero:<\/label>\n\t<input class=\"fibo-profile-input\" type=\"text\" name=\"zip\" value=\"\" required>\n\n\t<label class=\"fibo-profile-label\">Postitoimipaikka:<\/label>\n\t<input class=\"fibo-profile-input\" type=\"text\" name=\"city\" value=\"\" required>\n\n\t<label class=\"fibo-profile-label\">Sukupuoli:<\/label>\n\t\t<input class=\"fibo-profile-input\" type=\"radio\" name=\"gender\" value=\"male\"  required>\n\t<span class=\"fibo-radio-span\">Mies<\/span>\n\t<input class=\"fibo-profile-input\" type=\"radio\" name=\"gender\" value=\"female\" required>\n\t<span class=\"fibo-radio-span\">Nainen<\/span>\n\n    \n\n\t<label class=\"fibo-profile-label\">Syntym\u00e4aika:<\/label>\n\t<select class=\"fibo-profile-select fibo-profile-select-inline\" id=\"dob-year\" name=\"year\" required>\n        <option value=\"1900\">-<\/option>\n\t<option value=\"2024\">2024<\/option><option value=\"2023\">2023<\/option><option value=\"2022\">2022<\/option><option value=\"2021\">2021<\/option><option value=\"2020\">2020<\/option><option value=\"2019\">2019<\/option><option value=\"2018\">2018<\/option><option value=\"2017\">2017<\/option><option value=\"2016\">2016<\/option><option value=\"2015\">2015<\/option><option value=\"2014\">2014<\/option><option value=\"2013\">2013<\/option><option value=\"2012\">2012<\/option><option value=\"2011\">2011<\/option><option value=\"2010\">2010<\/option><option value=\"2009\">2009<\/option><option value=\"2008\">2008<\/option><option value=\"2007\">2007<\/option><option value=\"2006\">2006<\/option><option value=\"2005\">2005<\/option><option value=\"2004\">2004<\/option><option value=\"2003\">2003<\/option><option value=\"2002\">2002<\/option><option value=\"2001\">2001<\/option><option value=\"2000\">2000<\/option><option value=\"1999\">1999<\/option><option value=\"1998\">1998<\/option><option value=\"1997\">1997<\/option><option value=\"1996\">1996<\/option><option value=\"1995\">1995<\/option><option value=\"1994\">1994<\/option><option value=\"1993\">1993<\/option><option value=\"1992\">1992<\/option><option value=\"1991\">1991<\/option><option value=\"1990\">1990<\/option><option value=\"1989\">1989<\/option><option value=\"1988\">1988<\/option><option value=\"1987\">1987<\/option><option value=\"1986\">1986<\/option><option value=\"1985\">1985<\/option><option value=\"1984\">1984<\/option><option value=\"1983\">1983<\/option><option value=\"1982\">1982<\/option><option value=\"1981\">1981<\/option><option value=\"1980\">1980<\/option><option value=\"1979\">1979<\/option><option value=\"1978\">1978<\/option><option value=\"1977\">1977<\/option><option value=\"1976\">1976<\/option><option value=\"1975\">1975<\/option><option value=\"1974\">1974<\/option><option value=\"1973\">1973<\/option><option value=\"1972\">1972<\/option><option value=\"1971\">1971<\/option><option value=\"1970\">1970<\/option><option value=\"1969\">1969<\/option><option value=\"1968\">1968<\/option><option value=\"1967\">1967<\/option><option value=\"1966\">1966<\/option><option value=\"1965\">1965<\/option><option value=\"1964\">1964<\/option><option value=\"1963\">1963<\/option><option value=\"1962\">1962<\/option><option value=\"1961\">1961<\/option><option value=\"1960\">1960<\/option><option value=\"1959\">1959<\/option><option value=\"1958\">1958<\/option><option value=\"1957\">1957<\/option><option value=\"1956\">1956<\/option><option value=\"1955\">1955<\/option><option value=\"1954\">1954<\/option><option value=\"1953\">1953<\/option><option value=\"1952\">1952<\/option><option value=\"1951\">1951<\/option><option value=\"1950\">1950<\/option><option value=\"1949\">1949<\/option><option value=\"1948\">1948<\/option><option value=\"1947\">1947<\/option><option value=\"1946\">1946<\/option><option value=\"1945\">1945<\/option><option value=\"1944\">1944<\/option><option value=\"1943\">1943<\/option><option value=\"1942\">1942<\/option><option value=\"1941\">1941<\/option><option value=\"1940\">1940<\/option><option value=\"1939\">1939<\/option><option value=\"1938\">1938<\/option><option value=\"1937\">1937<\/option><option value=\"1936\">1936<\/option>\t<\/select>\n\t<select class=\"fibo-profile-select fibo-profile-select-inline\" id=\"dob-month\" name=\"month\" required>\n        <option value=\"1\">-<\/option>\n\t<option value=\"1\">tammikuu<\/option><option value=\"2\">helmikuu<\/option><option value=\"3\">maaliskuu<\/option><option value=\"4\">huhtikuu<\/option><option value=\"5\">toukokuu<\/option><option value=\"6\">kes\u00e4kuu<\/option><option value=\"7\">hein\u00e4kuu<\/option><option value=\"8\">elokuu<\/option><option value=\"9\">syyskuu<\/option><option value=\"10\">lokakuu<\/option><option value=\"11\">marraskuu<\/option><option value=\"12\">joulukuu<\/option>\t<\/select>\n\t<select class=\"fibo-profile-select fibo-profile-select-inline\" id=\"dob-day\" name=\"day\" required>\n        <option value=\"1\">-<\/option>\n\t<option value=\"1\">1<\/option><option value=\"2\">2<\/option><option value=\"3\">3<\/option><option value=\"4\">4<\/option><option value=\"5\">5<\/option><option value=\"6\">6<\/option><option value=\"7\">7<\/option><option value=\"8\">8<\/option><option value=\"9\">9<\/option><option value=\"10\">10<\/option><option value=\"11\">11<\/option><option value=\"12\">12<\/option><option value=\"13\">13<\/option><option value=\"14\">14<\/option><option value=\"15\">15<\/option><option value=\"16\">16<\/option><option value=\"17\">17<\/option><option value=\"18\">18<\/option><option value=\"19\">19<\/option><option value=\"20\">20<\/option><option value=\"21\">21<\/option><option value=\"22\">22<\/option><option value=\"23\">23<\/option><option value=\"24\">24<\/option><option value=\"25\">25<\/option><option value=\"26\">26<\/option><option value=\"27\">27<\/option><option value=\"28\">28<\/option><option value=\"29\">29<\/option><option value=\"30\">30<\/option><option value=\"31\">31<\/option>\t<\/select>\n\n    \n        <div id=\"invoicing_block\" class=\"fibo-hidden\">\n            <p id=\"invoicing_p\">Ole hyv\u00e4 ja t\u00e4yt\u00e4 huoltajan laskutustiedot.<\/p>\n\n            <input type=\"hidden\" id=\"invoice_active\" name=\"invoice_active\" value=\"\" \/>\n            <label class=\"fibo-profile-label\">Laskun saaja:<\/label>\n            <input class=\"fibo-profile-input\" type=\"text\" name=\"invoice_company\" value=\"\" \/>\n\n            <label class=\"fibo-profile-label\">Laskutus E-mail:<\/label>\n            <input class=\"fibo-profile-input\" type=\"text\" name=\"invoice_email\"  value=\"\" \/>\n\n            <label class=\"fibo-profile-label\">Laskutus katuosoite:<\/label>\n            <input class=\"fibo-profile-input\" type=\"text\" name=\"invoice_address\" value=\"\" \/>\n\n            <label class=\"fibo-profile-label\">Laskutus postinumero:<\/label>\n            <input class=\"fibo-profile-input\" type=\"text\" name=\"invoice_zip\" value=\"\" \/>\n\n            <label class=\"fibo-profile-label\">Laskutus postitoimipaikka:<\/label>\n            <input class=\"fibo-profile-input\" type=\"text\" name=\"invoice_city\" value=\"\" \/>\n\n             <div id=\"invoicing_div\"><\/div>\n        <\/div>\n        <script>\n            var invoicing_block = document.querySelector(\"#invoicing_block\");\n            var invoice_active = document.querySelector(\"#invoice_active\");\n            document.addEventListener(\"DOMContentLoaded\", function (e) {\n                getAgeFromSelects(\"#dob-year\", \"#dob-month\", \"#dob-day\", function (age) {\n                    var show = (age < 18 && age > -1) ? 1 : 0;\n                    invoicing_block.classList.toggle(\"fibo-hidden\", !show);\n                    invoice_active.value = (show);\n                    setInputsRequired(\"#invoicing_block input[type=text]\", (show));\n                });\n            });\n        <\/script>\n    \n\n    <label class=\"fibo-profile-label\">Salasana:<\/label>\n\t<input id=\"fibo_pass\" class=\"fibo-profile-input\" type=\"password\" name=\"fibo_pass\" required \/>\n\t<label class=\"fibo-profile-label\">Salasana 2. kerran:<\/label>\n\t<input id=\"fibo_pass_check\" class=\"fibo-profile-input\" type=\"password\" name=\"fibo_pass_check\" required \/>\n\n    \n            <label class=\"fibo-profile-label\">Olen lukenut ja hyv\u00e4ksynyt <a target=\"_blank\" href=\"https:\/\/www.bckgsalit.fi\/bodycenter-tornio\/wp-content\/uploads\/sites\/5\/2024\/06\/BCKG-sopimusehdot.pdf\">k\u00e4ytt\u00f6ehdot<\/a>:<\/label>\n        <input class=\"fibo-profile-checkbox\" type=\"checkbox\" name=\"terms_and_conditions\" required>\n    \n\t<div class=\"fibo-profile-button-container\">\n\t\t<input class=\"fibo-profile-button fibo-profile-submit\" type=\"submit\" value=\"Hyv\u00e4ksyn ehdot ja haluan jatkaa\">\n\t    <input class=\"fibo-profile-button\" type=\"reset\" value=\"Peruuta\" onclick=\"location.href=''\">\n\t<\/div>\n<\/form>\n<\/div><\/div>\n<\/section>","protected":false},"excerpt":{"rendered":"<p>Rekister\u00f6ityminen Oletko jo meid\u00e4n asiakas? Kirjaudu sis\u00e4\u00e4n t\u00e4st\u00e4. Mik\u00e4li olet jo meid\u00e4n asiakas, mutta et tied\u00e4 tunnuksiasi ole yst\u00e4v\u00e4llinen ja pyyd\u00e4 ne asiakaspalvelustamme. Luo uudet tunnukset t\u00e4ytt\u00e4m\u00e4ll\u00e4 oheiset kent\u00e4t. Etunimi: Sukunimi: S\u00e4hk\u00f6postiosoite: Puhelin: Katuosoite: Postinumero: Postitoimipaikka: Sukupuoli: Mies Nainen Syntym\u00e4aika: &#8211; 20242023202220212020201920182017201620152014201320122011201020092008200720062005200420032002200120001999199819971996199519941993199219911990198919881987198619851984198319821981198019791978197719761975197419731972197119701969196819671966196519641963196219611960195919581957195619551954195319521951195019491948194719461945194419431942194119401939193819371936 &#8211; tammikuuhelmikuumaaliskuuhuhtikuutoukokuukes\u00e4kuuhein\u00e4kuuelokuusyyskuulokakuumarraskuujoulukuu &#8211; 12345678910111213141516171819202122232425262728293031 Ole hyv\u00e4 ja t\u00e4yt\u00e4 huoltajan laskutustiedot. Laskun saaja: Laskutus [&hellip;]<\/p>\n","protected":false},"author":2,"featured_media":0,"parent":0,"menu_order":0,"comment_status":"closed","ping_status":"closed","template":"","meta":{"_breakdance_hide_in_design_set":false,"_breakdance_tags":"","footnotes":""},"class_list":["post-49","page","type-page","status-publish","hentry"],"_links":{"self":[{"href":"https:\/\/www.bckgsalit.fi\/bodycenter-tornio\/wp-json\/wp\/v2\/pages\/49","targetHints":{"allow":["GET"]}}],"collection":[{"href":"https:\/\/www.bckgsalit.fi\/bodycenter-tornio\/wp-json\/wp\/v2\/pages"}],"about":[{"href":"https:\/\/www.bckgsalit.fi\/bodycenter-tornio\/wp-json\/wp\/v2\/types\/page"}],"author":[{"embeddable":true,"href":"https:\/\/www.bckgsalit.fi\/bodycenter-tornio\/wp-json\/wp\/v2\/users\/2"}],"replies":[{"embeddable":true,"href":"https:\/\/www.bckgsalit.fi\/bodycenter-tornio\/wp-json\/wp\/v2\/comments?post=49"}],"version-history":[{"count":2,"href":"https:\/\/www.bckgsalit.fi\/bodycenter-tornio\/wp-json\/wp\/v2\/pages\/49\/revisions"}],"predecessor-version":[{"id":138,"href":"https:\/\/www.bckgsalit.fi\/bodycenter-tornio\/wp-json\/wp\/v2\/pages\/49\/revisions\/138"}],"wp:attachment":[{"href":"https:\/\/www.bckgsalit.fi\/bodycenter-tornio\/wp-json\/wp\/v2\/media?parent=49"}],"curies":[{"name":"wp","href":"https:\/\/api.w.org\/{rel}","templated":true}]}}