{"id":55,"date":"2024-05-13T12:28:57","date_gmt":"2024-05-13T09:28:57","guid":{"rendered":"https:\/\/www.5am.zoner.dev\/gym\/kemigym\/?page_id=55"},"modified":"2024-06-04T09:41:46","modified_gmt":"2024-06-04T06:41:46","slug":"verkkokauppa","status":"publish","type":"page","link":"https:\/\/www.bckgsalit.fi\/bodycenter-tornio\/verkkokauppa\/","title":{"rendered":"Verkkokauppa"},"content":{"rendered":"<section class=\"bde-section-55-100 bde-section\">\n  \n  \n\t\n\n\n\n<div class=\"section-container\"><h2 class=\"bde-heading-55-101 bde-heading\">\nVerkkokauppa\n<\/h2><div class=\"bde-text-55-103 bde-text\">\nVoit ostaa verkkokaupasta j\u00e4senyyden BodyCenter Tornioon ja BodyCenter Kemiin.\n<\/div><div class=\"bde-shortcode-55-102 bde-shortcode\"><div class=\"fibo-products\"><div class='fibo-product'><div class='fibo-product-left'><h3> 1kk Tornio <\/h3><p>  <\/p><\/div><div class='fibo-product-right'><h4 class='fibo-product-price'>40,00 &euro;<\/h4><form action=https:\/\/www.bckgsalit.fi\/bodycenter-tornio\/verkkokauppa\/ method='get'><input type='hidden' name='fiboproduct' value='65'\/><input class='fibo-submit-button' type='submit' value='Osta Nyt!'\/><\/form><br><\/div><\/div><div class='fibo-product'><div class='fibo-product-left'><h3> 3kk Tornio <\/h3><p>  <\/p><\/div><div class='fibo-product-right'><h4 class='fibo-product-price'>105,00 &euro;<\/h4><form action=https:\/\/www.bckgsalit.fi\/bodycenter-tornio\/verkkokauppa\/ method='get'><input type='hidden' name='fiboproduct' value='66'\/><input class='fibo-submit-button' type='submit' value='Osta Nyt!'\/><\/form><br><\/div><\/div><div class='fibo-product'><div class='fibo-product-left'><h3> 6kk Tornio <\/h3><p>  <\/p><\/div><div class='fibo-product-right'><h4 class='fibo-product-price'>190,00 &euro;<\/h4><form action=https:\/\/www.bckgsalit.fi\/bodycenter-tornio\/verkkokauppa\/ method='get'><input type='hidden' name='fiboproduct' value='67'\/><input class='fibo-submit-button' type='submit' value='Osta Nyt!'\/><\/form><br><\/div><\/div><div class='fibo-product'><div class='fibo-product-left'><h3> Kertak\u00e4ynti Tornio <\/h3><p> Kertak\u00e4ynti Tornioon. Voimassa yhden kuukauden ostop\u00e4iv\u00e4st\u00e4. <\/p><\/div><div class='fibo-product-right'><h4 class='fibo-product-price'>8,00 &euro;<\/h4><form action=https:\/\/www.bckgsalit.fi\/bodycenter-tornio\/verkkokauppa\/ method='get'><input type='hidden' name='fiboproduct' value='57'\/><input class='fibo-submit-button' type='submit' value='Osta Nyt!'\/><\/form><br><\/div><\/div><div class='fibo-product'><div class='fibo-product-left'><h3> 10-kerran kortti Tornio <\/h3><p> Kymmenen kerran kortti Tornioon. Voimassa 10 kuukautta ostohetkest\u00e4. <\/p><\/div><div class='fibo-product-right'><h4 class='fibo-product-price'>49,00 &euro;<\/h4><form action=https:\/\/www.bckgsalit.fi\/bodycenter-tornio\/verkkokauppa\/ method='get'><input type='hidden' name='fiboproduct' value='68'\/><input class='fibo-submit-button' type='submit' value='Osta Nyt!'\/><\/form><br><\/div><\/div><div class='fibo-product'><div class='fibo-product-left'><h3> 1kk Kemi <\/h3><p>  <\/p><\/div><div class='fibo-product-right'><h4 class='fibo-product-price'>40,00 &euro;<\/h4><form action=https:\/\/www.bckgsalit.fi\/bodycenter-tornio\/verkkokauppa\/ method='get'><input type='hidden' name='fiboproduct' value='60'\/><input class='fibo-submit-button' type='submit' value='Osta Nyt!'\/><\/form><br><\/div><\/div><div class='fibo-product'><div class='fibo-product-left'><h3> 3kk Kemi <\/h3><p>  <\/p><\/div><div class='fibo-product-right'><h4 class='fibo-product-price'>105,00 &euro;<\/h4><form action=https:\/\/www.bckgsalit.fi\/bodycenter-tornio\/verkkokauppa\/ method='get'><input type='hidden' name='fiboproduct' value='62'\/><input class='fibo-submit-button' type='submit' value='Osta Nyt!'\/><\/form><br><\/div><\/div><div class='fibo-product'><div class='fibo-product-left'><h3> 6kk Kemi <\/h3><p>  <\/p><\/div><div class='fibo-product-right'><h4 class='fibo-product-price'>190,00 &euro;<\/h4><form action=https:\/\/www.bckgsalit.fi\/bodycenter-tornio\/verkkokauppa\/ method='get'><input type='hidden' name='fiboproduct' value='63'\/><input class='fibo-submit-button' type='submit' value='Osta Nyt!'\/><\/form><br><\/div><\/div><div class='fibo-product'><div class='fibo-product-left'><h3> Kertak\u00e4ynti Kemi <\/h3><p> Kertak\u00e4ynti Kemiin. Voimassa yhden kuukauden ostop\u00e4iv\u00e4st\u00e4. <\/p><\/div><div class='fibo-product-right'><h4 class='fibo-product-price'>8,00 &euro;<\/h4><form action=https:\/\/www.bckgsalit.fi\/bodycenter-tornio\/verkkokauppa\/ method='get'><input type='hidden' name='fiboproduct' value='33'\/><input class='fibo-submit-button' type='submit' value='Osta Nyt!'\/><\/form><br><\/div><\/div><div class='fibo-product'><div class='fibo-product-left'><h3> 10-kerran kortti Kemi <\/h3><p> Kymmenen kerran kortti Kemiin. Voimassa 10 kuukautta ostohetkest\u00e4. <\/p><\/div><div class='fibo-product-right'><h4 class='fibo-product-price'>49,00 &euro;<\/h4><form action=https:\/\/www.bckgsalit.fi\/bodycenter-tornio\/verkkokauppa\/ method='get'><input type='hidden' name='fiboproduct' value='61'\/><input class='fibo-submit-button' type='submit' value='Osta Nyt!'\/><\/form><br><\/div><\/div><div class='fibo-product'><div class='fibo-product-left'><h3> 12kk Kemi & Tornio <\/h3><p> 12 kuukauden j\u00e4senyys Kemiin ja Tornioon. <\/p><\/div><div class='fibo-product-right'><h4 class='fibo-product-price'>345,00 &euro;<\/h4><form action=https:\/\/www.bckgsalit.fi\/bodycenter-tornio\/verkkokauppa\/ method='get'><input type='hidden' name='fiboproduct' value='64'\/><input class='fibo-submit-button' type='submit' value='Osta Nyt!'\/><\/form><br><\/div><\/div><\/div><div class=\"fibo-webstore-terms\"><p><a href=\"https:\/\/www.bckgsalit.fi\/bodycenter-tornio\/wp-content\/uploads\/sites\/5\/2024\/06\/BCKG-sopimusehdot.pdf\">Verkkokaupan toimitusehdot<\/a><\/p><\/div><\/div><\/div>\n<\/section>","protected":false},"excerpt":{"rendered":"<p>Verkkokauppa Voit ostaa verkkokaupasta j\u00e4senyyden BodyCenter Tornioon ja BodyCenter Kemiin. 1kk Tornio 40,00 &euro; 3kk Tornio 105,00 &euro; 6kk Tornio 190,00 &euro; Kertak\u00e4ynti Tornio Kertak\u00e4ynti Tornioon. Voimassa yhden kuukauden ostop\u00e4iv\u00e4st\u00e4. 8,00 &euro; 10-kerran kortti Tornio Kymmenen kerran kortti Tornioon. Voimassa 10 kuukautta ostohetkest\u00e4. 49,00 &euro; 1kk Kemi 40,00 &euro; 3kk Kemi 105,00 &euro; 6kk Kemi [&hellip;]<\/p>\n","protected":false},"author":2,"featured_media":0,"parent":0,"menu_order":0,"comment_status":"closed","ping_status":"closed","template":"","meta":{"_breakdance_hide_in_design_set":false,"_breakdance_tags":"","footnotes":""},"class_list":["post-55","page","type-page","status-publish","hentry"],"_links":{"self":[{"href":"https:\/\/www.bckgsalit.fi\/bodycenter-tornio\/wp-json\/wp\/v2\/pages\/55","targetHints":{"allow":["GET"]}}],"collection":[{"href":"https:\/\/www.bckgsalit.fi\/bodycenter-tornio\/wp-json\/wp\/v2\/pages"}],"about":[{"href":"https:\/\/www.bckgsalit.fi\/bodycenter-tornio\/wp-json\/wp\/v2\/types\/page"}],"author":[{"embeddable":true,"href":"https:\/\/www.bckgsalit.fi\/bodycenter-tornio\/wp-json\/wp\/v2\/users\/2"}],"replies":[{"embeddable":true,"href":"https:\/\/www.bckgsalit.fi\/bodycenter-tornio\/wp-json\/wp\/v2\/comments?post=55"}],"version-history":[{"count":4,"href":"https:\/\/www.bckgsalit.fi\/bodycenter-tornio\/wp-json\/wp\/v2\/pages\/55\/revisions"}],"predecessor-version":[{"id":137,"href":"https:\/\/www.bckgsalit.fi\/bodycenter-tornio\/wp-json\/wp\/v2\/pages\/55\/revisions\/137"}],"wp:attachment":[{"href":"https:\/\/www.bckgsalit.fi\/bodycenter-tornio\/wp-json\/wp\/v2\/media?parent=55"}],"curies":[{"name":"wp","href":"https:\/\/api.w.org\/{rel}","templated":true}]}}