{"id":49,"date":"2024-05-13T12:27:37","date_gmt":"2024-05-13T09:27:37","guid":{"rendered":"https:\/\/www.bckgsalit.fi\/kemigym\/?page_id=49"},"modified":"2024-05-13T12:37:19","modified_gmt":"2024-05-13T09:37:19","slug":"rekisteroidy","status":"publish","type":"page","link":"https:\/\/www.bckgsalit.fi\/kemigym\/rekisteroidy\/","title":{"rendered":"Rekister\u00f6idy"},"content":{"rendered":"<section class=\"bde-section-49-100 bde-section\">\n  \n  \n\t\n\n\n\n<div class=\"section-container\"><h2 class=\"bde-heading-49-101 bde-heading\">\nRekister\u00f6ityminen\n<\/h2><div class=\"bde-shortcode-49-102 bde-shortcode\">\n<p>Voit rekister\u00f6ity\u00e4 luomalla uudet tunnukset.<\/p>\n\n<p>Rekister\u00f6itymisesi j\u00e4lkeen p\u00e4\u00e4set ilmoittautumaan tunnuksillasi ryhm\u00e4liikuntatunneillemme verkkosivustomme kautta. Emme luovuta tietojasi kolmansille osapuolille.<\/p>\n\n\n<form id=\"fibo-register-form\" class=\"fibo-profile-form\" action=\"https:\/\/www.bckgsalit.fi\/kemigym\/wp-content\/plugins\/fitnessbooker_vanha_kemigym2\/php\/registration-send.php\" method=\"post\">\n\t<label class=\"fibo-profile-label\">Etunimi:<\/label>\n\t<input class=\"fibo-profile-input\" type=\"text\" name=\"firstname\" value=\"\" required \/>\n\n\t<label class=\"fibo-profile-label\">Sukunimi:<\/label>\n\t<input class=\"fibo-profile-input\" type=\"text\" name=\"lastname\" value=\"\" required \/>\n\n\t<label class=\"fibo-profile-label\">Puhelin:<\/label>\n\t<input class=\"fibo-profile-input\" type=\"text\" name=\"phone\" value=\"\" required \/>\n\n\t<label class=\"fibo-profile-label\">Katuosoite:<\/label>\n\t<input class=\"fibo-profile-input\" type=\"text\" name=\"address\" value=\"\" required \/>\n\n\t<label class=\"fibo-profile-label\">Postinumero:<\/label>\n\t<input class=\"fibo-profile-input\" type=\"text\" name=\"zip\" value=\"\" required \/>\n\n\t<label class=\"fibo-profile-label\">Postitoimipaikka:<\/label>\n\t<input class=\"fibo-profile-input\" type=\"text\" name=\"city\" value=\"\" required \/>\n\n\t<label class=\"fibo-profile-label\">Syntym\u00e4aika:<\/label>\n\t<select class=\"fibo-profile-select fibo-profile-select-inline\" id=\"dob-year\" name=\"year\" required>\n        <option value=\"1900\">-<\/option>\n\t<option value=\"2014\">2014<\/option><option value=\"2013\">2013<\/option><option value=\"2012\">2012<\/option><option value=\"2011\">2011<\/option><option value=\"2010\">2010<\/option><option value=\"2009\">2009<\/option><option value=\"2008\">2008<\/option><option value=\"2007\">2007<\/option><option value=\"2006\">2006<\/option><option value=\"2005\">2005<\/option><option value=\"2004\">2004<\/option><option value=\"2003\">2003<\/option><option value=\"2002\">2002<\/option><option value=\"2001\">2001<\/option><option value=\"2000\">2000<\/option><option value=\"1999\">1999<\/option><option value=\"1998\">1998<\/option><option value=\"1997\">1997<\/option><option value=\"1996\">1996<\/option><option value=\"1995\">1995<\/option><option value=\"1994\">1994<\/option><option value=\"1993\">1993<\/option><option value=\"1992\">1992<\/option><option value=\"1991\">1991<\/option><option value=\"1990\">1990<\/option><option value=\"1989\">1989<\/option><option value=\"1988\">1988<\/option><option value=\"1987\">1987<\/option><option value=\"1986\">1986<\/option><option value=\"1985\">1985<\/option><option value=\"1984\">1984<\/option><option value=\"1983\">1983<\/option><option value=\"1982\">1982<\/option><option value=\"1981\">1981<\/option><option value=\"1980\">1980<\/option><option value=\"1979\">1979<\/option><option value=\"1978\">1978<\/option><option value=\"1977\">1977<\/option><option value=\"1976\">1976<\/option><option value=\"1975\">1975<\/option><option value=\"1974\">1974<\/option><option value=\"1973\">1973<\/option><option value=\"1972\">1972<\/option><option value=\"1971\">1971<\/option><option value=\"1970\">1970<\/option><option value=\"1969\">1969<\/option><option value=\"1968\">1968<\/option><option value=\"1967\">1967<\/option><option value=\"1966\">1966<\/option><option value=\"1965\">1965<\/option><option value=\"1964\">1964<\/option><option value=\"1963\">1963<\/option><option value=\"1962\">1962<\/option><option value=\"1961\">1961<\/option><option value=\"1960\">1960<\/option><option value=\"1959\">1959<\/option><option value=\"1958\">1958<\/option><option value=\"1957\">1957<\/option><option value=\"1956\">1956<\/option><option value=\"1955\">1955<\/option><option value=\"1954\">1954<\/option><option value=\"1953\">1953<\/option><option value=\"1952\">1952<\/option><option value=\"1951\">1951<\/option><option value=\"1950\">1950<\/option><option value=\"1949\">1949<\/option><option value=\"1948\">1948<\/option><option value=\"1947\">1947<\/option><option value=\"1946\">1946<\/option><option value=\"1945\">1945<\/option><option value=\"1944\">1944<\/option><option value=\"1943\">1943<\/option><option value=\"1942\">1942<\/option><option value=\"1941\">1941<\/option><option value=\"1940\">1940<\/option><option value=\"1939\">1939<\/option><option value=\"1938\">1938<\/option><option value=\"1937\">1937<\/option><option value=\"1936\">1936<\/option><option value=\"1935\">1935<\/option><option value=\"1934\">1934<\/option><option value=\"1933\">1933<\/option><option value=\"1932\">1932<\/option><option value=\"1931\">1931<\/option><option value=\"1930\">1930<\/option><option value=\"1929\">1929<\/option><option value=\"1928\">1928<\/option><option value=\"1927\">1927<\/option><option value=\"1926\">1926<\/option><option value=\"1925\">1925<\/option><option value=\"1924\">1924<\/option><option value=\"1923\">1923<\/option><option value=\"1922\">1922<\/option><option value=\"1921\">1921<\/option><option value=\"1920\">1920<\/option><option value=\"1919\">1919<\/option><option value=\"1918\">1918<\/option><option value=\"1917\">1917<\/option><option value=\"1916\">1916<\/option><option value=\"1915\">1915<\/option><option value=\"1914\">1914<\/option><option value=\"1913\">1913<\/option><option value=\"1912\">1912<\/option><option value=\"1911\">1911<\/option><option value=\"1910\">1910<\/option><option value=\"1909\">1909<\/option><option value=\"1908\">1908<\/option><option value=\"1907\">1907<\/option><option value=\"1906\">1906<\/option><option value=\"1905\">1905<\/option><option value=\"1904\">1904<\/option><option value=\"1903\">1903<\/option><option value=\"1902\">1902<\/option><option value=\"1901\">1901<\/option><option value=\"1900\">1900<\/option>\t<\/select>\n\t<select class=\"fibo-profile-select fibo-profile-select-inline\" id=\"dob-month\" name=\"month\" required>\n        <option value=\"1\">-<\/option>\n\t<option value=\"1\">tammikuu<\/option><option value=\"2\">helmikuu<\/option><option value=\"3\">maaliskuu<\/option><option value=\"4\">huhtikuu<\/option><option value=\"5\">toukokuu<\/option><option value=\"6\">kes\u00e4kuu<\/option><option value=\"7\">hein\u00e4kuu<\/option><option value=\"8\">elokuu<\/option><option value=\"9\">syyskuu<\/option><option value=\"10\">lokakuu<\/option><option value=\"11\">marraskuu<\/option><option value=\"12\">joulukuu<\/option>\t<\/select>\n\t<select class=\"fibo-profile-select fibo-profile-select-inline\" id=\"dob-day\" name=\"day\" required>\n        <option value=\"1\">-<\/option>\n\t<option value=\"1\">1<\/option><option value=\"2\">2<\/option><option value=\"3\">3<\/option><option value=\"4\">4<\/option><option value=\"5\">5<\/option><option value=\"6\">6<\/option><option value=\"7\">7<\/option><option value=\"8\">8<\/option><option value=\"9\">9<\/option><option value=\"10\">10<\/option><option value=\"11\">11<\/option><option value=\"12\">12<\/option><option value=\"13\">13<\/option><option value=\"14\">14<\/option><option value=\"15\">15<\/option><option value=\"16\">16<\/option><option value=\"17\">17<\/option><option value=\"18\">18<\/option><option value=\"19\">19<\/option><option value=\"20\">20<\/option><option value=\"21\">21<\/option><option value=\"22\">22<\/option><option value=\"23\">23<\/option><option value=\"24\">24<\/option><option value=\"25\">25<\/option><option value=\"26\">26<\/option><option value=\"27\">27<\/option><option value=\"28\">28<\/option><option value=\"29\">29<\/option><option value=\"30\">30<\/option><option value=\"31\">31<\/option>\t<\/select>\n\n\t<label class=\"fibo-profile-label\">Sukupuoli:<\/label>\n\t\t<input class=\"fibo-profile-input\" type=\"radio\" name=\"gender\" value=\"male\"  required \/>\n\t<span class=\"fibo-radio-span\">Mies<\/span>\n\t<input class=\"fibo-profile-input\" type=\"radio\" name=\"gender\" value=\"female\" required \/>\n\t<span class=\"fibo-radio-span\">Nainen<\/span>\n\n\t\n    <label class=\"fibo-profile-label\">S\u00e4hk\u00f6postiosoite:<\/label>\n\t<input class=\"fibo-profile-input\" type=\"email\" name=\"email\" value=\"\" required \/>\n\n    \n        <div id=\"invoicing_block\" class=\"fibo-hidden\">\n            <p style=\"font-style:italic;clear:both;float:none;padding-bottom:10px;padding-top:30px;\">Ole hyv\u00e4 ja t\u00e4yt\u00e4 huoltajan laskutustiedot.<\/p>\n\n            <input type=\"hidden\" id=\"invoice_active\" name=\"invoice_active\" value=\"\" \/>\n            <label class=\"fibo-profile-label\">Laskun saaja:<\/label>\n            <input class=\"fibo-profile-input\" type=\"text\" name=\"invoice_company\" value=\"\" value=\"\" required \/>\n\n            <label class=\"fibo-profile-label\">Laskutus E-mail:<\/label>\n            <input class=\"fibo-profile-input\" type=\"text\" name=\"invoice_email\" value=\"\" value=\"\" required \/>\n\n            <label class=\"fibo-profile-label\">Laskutus katuosoite:<\/label>\n            <input class=\"fibo-profile-input\" type=\"text\" name=\"invoice_address\" value=\"\" value=\"\" required \/>\n\n            <label class=\"fibo-profile-label\">Laskutus postinumero:<\/label>\n            <input class=\"fibo-profile-input\" type=\"text\" name=\"invoice_zip\" value=\"\" value=\"\" required \/>\n\n            <label class=\"fibo-profile-label\">Laskutus postitoimipaikka:<\/label>\n            <input class=\"fibo-profile-input\" type=\"text\" name=\"invoice_city\" value=\"\" value=\"\" required \/>\n\n            <div style=\"clear:both;float:none;padding-bottom:40px;\"><\/div>\n        <\/div>\n        <script>\n            var invoicing_block = document.querySelector(\"#invoicing_block\");\n            var invoice_active = document.querySelector(\"#invoice_active\");\n            document.addEventListener(\"DOMContentLoaded\", function (e) {\n                getAgeFromSelects(\"#dob-year\", \"#dob-month\", \"#dob-day\", function (age) {\n                    var show = (age < 18 && age > -1) ? 1 : 0;\n                    invoicing_block.classList.toggle(\"fibo-hidden\", !show);\n                    invoice_active.value = (show);\n                    setInputsRequired(\"#invoicing_block input[type=text]\", (show));\n                });\n\n                            });\n        <\/script>\n    \n\t<label class=\"fibo-profile-label\">Salasana:<\/label>\n\t<input id=\"fibo_pass\" class=\"fibo-profile-input\" type=\"password\" name=\"fibo_pass\" required \/>\n\t<label class=\"fibo-profile-label\">Salasana 2. kerran:<\/label>\n\t<input id=\"fibo_pass_check\" class=\"fibo-profile-input\" type=\"password\" name=\"fibo_pass_check\" required \/>\n\n    \n    \n\t<div class=\"fibo-profile-button-container\">\n\t\t<input class=\"fibo-profile-button fibo-profile-submit\" type=\"submit\" value=\"Hyv\u00e4ksyn ehdot ja haluan rekister\u00f6ity\u00e4\" \/>\n\t    <input class=\"fibo-profile-button\" type=\"reset\" value=\"Peruuta\" onclick=\"location.href=''\" \/>\n\t<\/div>\n<\/form>\n<\/div><\/div>\n<\/section>","protected":false},"excerpt":{"rendered":"<p>Rekister\u00f6ityminen Voit rekister\u00f6ity\u00e4 luomalla uudet tunnukset. Rekister\u00f6itymisesi j\u00e4lkeen p\u00e4\u00e4set ilmoittautumaan tunnuksillasi ryhm\u00e4liikuntatunneillemme verkkosivustomme kautta. Emme luovuta tietojasi kolmansille osapuolille. Etunimi: Sukunimi: Puhelin: Katuosoite: Postinumero: Postitoimipaikka: Syntym\u00e4aika: &#8211; 2014201320122011201020092008200720062005200420032002200120001999199819971996199519941993199219911990198919881987198619851984198319821981198019791978197719761975197419731972197119701969196819671966196519641963196219611960195919581957195619551954195319521951195019491948194719461945194419431942194119401939193819371936193519341933193219311930192919281927192619251924192319221921192019191918191719161915191419131912191119101909190819071906190519041903190219011900 &#8211; tammikuuhelmikuumaaliskuuhuhtikuutoukokuukes\u00e4kuuhein\u00e4kuuelokuusyyskuulokakuumarraskuujoulukuu &#8211; 12345678910111213141516171819202122232425262728293031 Sukupuoli: Mies Nainen S\u00e4hk\u00f6postiosoite: Ole hyv\u00e4 ja t\u00e4yt\u00e4 huoltajan laskutustiedot. Laskun saaja: Laskutus E-mail: Laskutus katuosoite: Laskutus postinumero: Laskutus postitoimipaikka: Salasana: Salasana 2. [&hellip;]<\/p>\n","protected":false},"author":1,"featured_media":0,"parent":0,"menu_order":0,"comment_status":"closed","ping_status":"closed","template":"","meta":{"_breakdance_hide_in_design_set":false,"_breakdance_tags":"","footnotes":""},"class_list":["post-49","page","type-page","status-publish","hentry"],"_links":{"self":[{"href":"https:\/\/www.bckgsalit.fi\/kemigym\/wp-json\/wp\/v2\/pages\/49","targetHints":{"allow":["GET"]}}],"collection":[{"href":"https:\/\/www.bckgsalit.fi\/kemigym\/wp-json\/wp\/v2\/pages"}],"about":[{"href":"https:\/\/www.bckgsalit.fi\/kemigym\/wp-json\/wp\/v2\/types\/page"}],"author":[{"embeddable":true,"href":"https:\/\/www.bckgsalit.fi\/kemigym\/wp-json\/wp\/v2\/users\/1"}],"replies":[{"embeddable":true,"href":"https:\/\/www.bckgsalit.fi\/kemigym\/wp-json\/wp\/v2\/comments?post=49"}],"version-history":[{"count":3,"href":"https:\/\/www.bckgsalit.fi\/kemigym\/wp-json\/wp\/v2\/pages\/49\/revisions"}],"predecessor-version":[{"id":74,"href":"https:\/\/www.bckgsalit.fi\/kemigym\/wp-json\/wp\/v2\/pages\/49\/revisions\/74"}],"wp:attachment":[{"href":"https:\/\/www.bckgsalit.fi\/kemigym\/wp-json\/wp\/v2\/media?parent=49"}],"curies":[{"name":"wp","href":"https:\/\/api.w.org\/{rel}","templated":true}]}}