{"id":51,"date":"2024-05-13T12:28:01","date_gmt":"2024-05-13T09:28:01","guid":{"rendered":"https:\/\/www.bckgsalit.fi\/kemigym\/?page_id=51"},"modified":"2024-05-13T12:36:10","modified_gmt":"2024-05-13T09:36:10","slug":"unohtunut-salasana","status":"publish","type":"page","link":"https:\/\/www.bckgsalit.fi\/kemigym\/unohtunut-salasana\/","title":{"rendered":"Unohtunut salasana"},"content":{"rendered":"<section class=\"bde-section-51-100 bde-section\">\n  \n  \n\t\n\n\n\n<div class=\"section-container\"><div class=\"bde-shortcode-51-102 bde-shortcode\"><h2>Salasanan vaihtaminen<\/h2><p>Vaihtaaksesi salasanasi anna s\u00e4hk\u00f6postiosoitteesi ja klikkaa l\u00e4het\u00e4.<\/p><p>Huomaa, ett\u00e4 jos olet rekister\u00f6itynyt Facebook-tunnuksilla et voi vaihtaa salasanaasi, vaan sinun tulee kirjautua sis\u00e4\u00e4n Facebook-painikkeesta.<\/p>\n        <form action=\"https:\/\/www.bckgsalit.fi\/kemigym\/unohtunut-salasana\/\" method=\"get\">\n            <label class=\"fibo-profile-label\">S\u00e4hk\u00f6postiosoite:<\/label>\n            <input class=\"fibo-profile-input\" type=\"text\" name=\"username\" value=\"\" required><\/input>\n\n            <div class=\"fibo-profile-button-container\">\n                <button type=\"submit\" class=\"btn btn-default\">L\u00e4het\u00e4 ohjeet<\/button>\n            <\/div>\n        <\/form><\/div><\/div>\n<\/section>","protected":false},"excerpt":{"rendered":"<p>Salasanan vaihtaminenVaihtaaksesi salasanasi anna s\u00e4hk\u00f6postiosoitteesi ja klikkaa l\u00e4het\u00e4.Huomaa, ett\u00e4 jos olet rekister\u00f6itynyt Facebook-tunnuksilla et voi vaihtaa salasanaasi, vaan sinun tulee kirjautua sis\u00e4\u00e4n Facebook-painikkeesta. S\u00e4hk\u00f6postiosoite: L\u00e4het\u00e4 ohjeet<\/p>\n","protected":false},"author":1,"featured_media":0,"parent":0,"menu_order":0,"comment_status":"closed","ping_status":"closed","template":"","meta":{"_breakdance_hide_in_design_set":false,"_breakdance_tags":"","footnotes":""},"class_list":["post-51","page","type-page","status-publish","hentry"],"_links":{"self":[{"href":"https:\/\/www.bckgsalit.fi\/kemigym\/wp-json\/wp\/v2\/pages\/51","targetHints":{"allow":["GET"]}}],"collection":[{"href":"https:\/\/www.bckgsalit.fi\/kemigym\/wp-json\/wp\/v2\/pages"}],"about":[{"href":"https:\/\/www.bckgsalit.fi\/kemigym\/wp-json\/wp\/v2\/types\/page"}],"author":[{"embeddable":true,"href":"https:\/\/www.bckgsalit.fi\/kemigym\/wp-json\/wp\/v2\/users\/1"}],"replies":[{"embeddable":true,"href":"https:\/\/www.bckgsalit.fi\/kemigym\/wp-json\/wp\/v2\/comments?post=51"}],"version-history":[{"count":3,"href":"https:\/\/www.bckgsalit.fi\/kemigym\/wp-json\/wp\/v2\/pages\/51\/revisions"}],"predecessor-version":[{"id":72,"href":"https:\/\/www.bckgsalit.fi\/kemigym\/wp-json\/wp\/v2\/pages\/51\/revisions\/72"}],"wp:attachment":[{"href":"https:\/\/www.bckgsalit.fi\/kemigym\/wp-json\/wp\/v2\/media?parent=51"}],"curies":[{"name":"wp","href":"https:\/\/api.w.org\/{rel}","templated":true}]}}